{"id":402,"date":"2024-04-21T10:22:25","date_gmt":"2024-04-21T08:22:25","guid":{"rendered":"http:\/\/www.hernanhuarachemamani.com\/es\/?page_id=402"},"modified":"2024-04-21T10:22:26","modified_gmt":"2024-04-21T08:22:26","slug":"en-viaje-hacia-el-cosmos","status":"publish","type":"page","link":"https:\/\/www.hernanhuarachemamani.com\/es\/en-viaje-hacia-el-cosmos\/","title":{"rendered":"En viaje hacia el Cosmos"},"content":{"rendered":"\n<p><em>El 20 de octubre de 2016.<\/em><\/p>\n\n\n\n<p>Queridos amigos,<br>\nEsta ma\u00f1ana, Hern\u00e1n dej\u00f3 su cuerpo y su vida terrenal para embarcarse en un viaje hacia el Cosmos.<br>\nDurante mucho tiempo, ha luchado como un guerrero con una fuerza espiritual y f\u00edsica en paralelo, a pesar de ser consciente de que ya no ten\u00eda la energ\u00eda de un ni\u00f1o de veinte a\u00f1os, logrando ponerse de pie una y otra vez cuando fue golpeado.<br>\nDesafortunadamente, lo inevitable sucedi\u00f3. Poco a poco su dolor comenz\u00f3 a golpear m\u00e1s y m\u00e1s fuerte; se dio cuenta de que, no importa cu\u00e1n fuerte sea un guerrero, no puede ganar todas las batallas.<br>\nSe fue con la serenidad y la calma que solo tienen los grandes Maestros, abrazados por su familia, algunos a su lado y otros lejanos.<br>\nMuchos de ustedes lo conocen gracias a los libros que escribi\u00f3, donde transmiti\u00f3 mensajes de luz y amor. Y realmente era as\u00ed: la luz y el amor.<br>\nLa inocencia y la curiosidad en los ojos de un ni\u00f1o, la sonrisa sincera y aut\u00e9ntica de quien no usa una m\u00e1scara y el gran coraz\u00f3n de los que aman y respetan.<br>\nUn hombre tan generoso de dejar las tierras de su Ancestro para venir a Europa, a fin de llevar su mensaje a trav\u00e9s de libros y seminarios. Un hombre tan generoso que pas\u00f3 la mayor parte de su vida ayudando a los necesitados. Un hombre tan generoso como para fundar y financiar \u201cla Escuela de Vida y Paz\u201d.<br>\nUn hombre tan valiente como para venir a Europa a hablar sobre el tab\u00fa de la sexualidad y el poder femenino.<br>\nUn hombre de infinita humildad, lleno de ideales y proyectos altruistas expresados \u200b\u200bde manera simple y clara.<br>\nUn hombre que todav\u00eda quer\u00eda vivir, porque sent\u00eda que a\u00fan no hab\u00eda terminado su deber espiritual, y tal vez depende de nosotros cumplirlo.<br>\nUn gran hombre, y los que lo conocieron lo saben.<\/p>\n\n\n\n<p>Como familia fue esto y mucho m\u00e1s. Cada momento que pas\u00e9 con \u00e9l fue un privilegio para nosotros.<br>\nAhora estamos listos para acompa\u00f1arlo hacia su nueva aventura.<br>\nGracias,<br>\nSu familia.<\/p>\n","protected":false},"excerpt":{"rendered":"<p>El 20 de octubre de 2016. Queridos amigos, Esta ma\u00f1ana, Hern\u00e1n dej\u00f3 su cuerpo y su vida terrenal para embarcarse en un viaje hacia el Cosmos. Durante mucho tiempo, ha luchado como un guerrero con una fuerza espiritual y f\u00edsica en paralelo, a pesar de ser consciente de que ya no ten\u00eda la energ\u00eda de [&hellip;]<\/p>\n","protected":false},"author":2,"featured_media":0,"parent":0,"menu_order":0,"comment_status":"closed","ping_status":"closed","template":"","meta":{"_et_pb_use_builder":"","_et_pb_old_content":"","_et_gb_content_width":"","footnotes":""},"class_list":["post-402","page","type-page","status-publish","hentry"],"_links":{"self":[{"href":"https:\/\/www.hernanhuarachemamani.com\/es\/wp-json\/wp\/v2\/pages\/402","targetHints":{"allow":["GET"]}}],"collection":[{"href":"https:\/\/www.hernanhuarachemamani.com\/es\/wp-json\/wp\/v2\/pages"}],"about":[{"href":"https:\/\/www.hernanhuarachemamani.com\/es\/wp-json\/wp\/v2\/types\/page"}],"author":[{"embeddable":true,"href":"https:\/\/www.hernanhuarachemamani.com\/es\/wp-json\/wp\/v2\/users\/2"}],"replies":[{"embeddable":true,"href":"https:\/\/www.hernanhuarachemamani.com\/es\/wp-json\/wp\/v2\/comments?post=402"}],"version-history":[{"count":1,"href":"https:\/\/www.hernanhuarachemamani.com\/es\/wp-json\/wp\/v2\/pages\/402\/revisions"}],"predecessor-version":[{"id":408,"href":"https:\/\/www.hernanhuarachemamani.com\/es\/wp-json\/wp\/v2\/pages\/402\/revisions\/408"}],"wp:attachment":[{"href":"https:\/\/www.hernanhuarachemamani.com\/es\/wp-json\/wp\/v2\/media?parent=402"}],"curies":[{"name":"wp","href":"https:\/\/api.w.org\/{rel}","templated":true}]}}