{"id":42,"date":"2014-10-31T12:05:17","date_gmt":"2014-10-31T11:05:17","guid":{"rendered":"http:\/\/www.hernanhuarachemamani.com\/es\/?page_id=42"},"modified":"2024-04-16T10:54:14","modified_gmt":"2024-04-16T08:54:14","slug":"contact","status":"publish","type":"page","link":"https:\/\/www.hernanhuarachemamani.com\/es\/contact\/","title":{"rendered":"Contact"},"content":{"rendered":"<p>[et_pb_section fb_built=&#8221;1&#8243; _builder_version=&#8221;4.16&#8243; global_colors_info=&#8221;{}&#8221;][et_pb_row _builder_version=&#8221;4.16&#8243; background_size=&#8221;initial&#8221; background_position=&#8221;top_left&#8221; background_repeat=&#8221;repeat&#8221; global_colors_info=&#8221;{}&#8221; column_structure=&#8221;2_3,1_3&#8243;][et_pb_column type=&#8221;2_3&#8243; _builder_version=&#8221;4.16&#8243; custom_padding=&#8221;|||&#8221; global_colors_info=&#8221;{}&#8221; custom_padding__hover=&#8221;|||&#8221;][et_pb_image src=&#8221;http:\/\/www.hernanhuarachemamani.com\/es\/wp-content\/uploads\/2014\/10\/header800X200-contact.jpg&#8221; align_tablet=&#8221;center&#8221; align_last_edited=&#8221;on|desktop&#8221; admin_label=&#8221;Image&#8221; _builder_version=&#8221;4.16&#8243; animation_style=&#8221;slide&#8221; animation_direction=&#8221;top&#8221; animation_duration=&#8221;500ms&#8221; animation_intensity_slide=&#8221;10%&#8221; animation=&#8221;top&#8221; sticky=&#8221;off&#8221; global_colors_info=&#8221;{}&#8221; align_phone=&#8221;center&#8221;][\/et_pb_image][et_pb_contact_form title=&#8221;CONTACTOS:&#8221; admin_label=&#8221;Contact Form&#8221; _builder_version=&#8221;4.24.3&#8243; _unique_id=&#8221;ad033b01-01fe-4fdd-9d3f-fd071d7d1ed6&#8243; hover_enabled=&#8221;0&#8243; global_colors_info=&#8221;{}&#8221; sticky_enabled=&#8221;0&#8243; email=&#8221;author@hernanhuarachemamani.com &#8220;][et_pb_contact_field field_id=&#8221;Name&#8221; field_title=&#8221;Nome&#8221; _builder_version=&#8221;4.16&#8243; global_colors_info=&#8221;{}&#8221; button_text_size__hover_enabled=&#8221;off&#8221; button_one_text_size__hover_enabled=&#8221;off&#8221; button_two_text_size__hover_enabled=&#8221;off&#8221; button_text_color__hover_enabled=&#8221;off&#8221; button_one_text_color__hover_enabled=&#8221;off&#8221; button_two_text_color__hover_enabled=&#8221;off&#8221; button_border_width__hover_enabled=&#8221;off&#8221; button_one_border_width__hover_enabled=&#8221;off&#8221; button_two_border_width__hover_enabled=&#8221;off&#8221; button_border_color__hover_enabled=&#8221;off&#8221; button_one_border_color__hover_enabled=&#8221;off&#8221; button_two_border_color__hover_enabled=&#8221;off&#8221; button_border_radius__hover_enabled=&#8221;off&#8221; button_one_border_radius__hover_enabled=&#8221;off&#8221; button_two_border_radius__hover_enabled=&#8221;off&#8221; button_letter_spacing__hover_enabled=&#8221;off&#8221; button_one_letter_spacing__hover_enabled=&#8221;off&#8221; button_two_letter_spacing__hover_enabled=&#8221;off&#8221; button_bg_color__hover_enabled=&#8221;off&#8221; button_one_bg_color__hover_enabled=&#8221;off&#8221; button_two_bg_color__hover_enabled=&#8221;off&#8221;][\/et_pb_contact_field][et_pb_contact_field field_id=&#8221;Email&#8221; field_title=&#8221;Indirizzo e-mail&#8221; field_type=&#8221;email&#8221; _builder_version=&#8221;4.16&#8243; global_colors_info=&#8221;{}&#8221; button_text_size__hover_enabled=&#8221;off&#8221; button_one_text_size__hover_enabled=&#8221;off&#8221; button_two_text_size__hover_enabled=&#8221;off&#8221; button_text_color__hover_enabled=&#8221;off&#8221; button_one_text_color__hover_enabled=&#8221;off&#8221; button_two_text_color__hover_enabled=&#8221;off&#8221; button_border_width__hover_enabled=&#8221;off&#8221; button_one_border_width__hover_enabled=&#8221;off&#8221; button_two_border_width__hover_enabled=&#8221;off&#8221; button_border_color__hover_enabled=&#8221;off&#8221; button_one_border_color__hover_enabled=&#8221;off&#8221; button_two_border_color__hover_enabled=&#8221;off&#8221; button_border_radius__hover_enabled=&#8221;off&#8221; button_one_border_radius__hover_enabled=&#8221;off&#8221; button_two_border_radius__hover_enabled=&#8221;off&#8221; button_letter_spacing__hover_enabled=&#8221;off&#8221; button_one_letter_spacing__hover_enabled=&#8221;off&#8221; button_two_letter_spacing__hover_enabled=&#8221;off&#8221; button_bg_color__hover_enabled=&#8221;off&#8221; button_one_bg_color__hover_enabled=&#8221;off&#8221; button_two_bg_color__hover_enabled=&#8221;off&#8221;][\/et_pb_contact_field][et_pb_contact_field field_id=&#8221;Message&#8221; field_title=&#8221;Messaggio&#8221; field_type=&#8221;text&#8221; fullwidth_field=&#8221;on&#8221; _builder_version=&#8221;4.16&#8243; global_colors_info=&#8221;{}&#8221; button_text_size__hover_enabled=&#8221;off&#8221; button_one_text_size__hover_enabled=&#8221;off&#8221; button_two_text_size__hover_enabled=&#8221;off&#8221; button_text_color__hover_enabled=&#8221;off&#8221; button_one_text_color__hover_enabled=&#8221;off&#8221; button_two_text_color__hover_enabled=&#8221;off&#8221; button_border_width__hover_enabled=&#8221;off&#8221; button_one_border_width__hover_enabled=&#8221;off&#8221; button_two_border_width__hover_enabled=&#8221;off&#8221; button_border_color__hover_enabled=&#8221;off&#8221; button_one_border_color__hover_enabled=&#8221;off&#8221; button_two_border_color__hover_enabled=&#8221;off&#8221; button_border_radius__hover_enabled=&#8221;off&#8221; button_one_border_radius__hover_enabled=&#8221;off&#8221; button_two_border_radius__hover_enabled=&#8221;off&#8221; button_letter_spacing__hover_enabled=&#8221;off&#8221; button_one_letter_spacing__hover_enabled=&#8221;off&#8221; button_two_letter_spacing__hover_enabled=&#8221;off&#8221; button_bg_color__hover_enabled=&#8221;off&#8221; button_one_bg_color__hover_enabled=&#8221;off&#8221; button_two_bg_color__hover_enabled=&#8221;off&#8221;][\/et_pb_contact_field][\/et_pb_contact_form][\/et_pb_column][et_pb_column type=&#8221;1_3&#8243; _builder_version=&#8221;4.16&#8243; custom_padding=&#8221;|||&#8221; global_colors_info=&#8221;{}&#8221; custom_padding__hover=&#8221;|||&#8221;][et_pb_text admin_label=&#8221;Text&#8221; _builder_version=&#8221;4.16&#8243; background_size=&#8221;initial&#8221; background_position=&#8221;top_left&#8221; background_repeat=&#8221;repeat&#8221; global_colors_info=&#8221;{}&#8221;]<\/p>\n<h2>FAQ<\/h2>\n<p>Pido comprensi\u00f3n a los lectores; cada d\u00eda recibo y leo muchas cartas de ustedes, pero no tengo la posibilidad de contestar a todas.<br \/>\nAlgunas preguntas y peticiones, las m\u00e1s frecuentes, encontraran una respuesta en esta secci\u00f3n.<br \/>\n<strong>INVITACIONES A EVENTOS, CONFERENCIAS, SEMINARIOS PROMOVIDOS EN VARIAS OCASIONES.<\/strong><\/p>\n<p>A menudo recibo invitaciones a eventos y manifestaciones de varios tipos. Humanamente hablando no es posible estar en todas partes. Se realiza la elecci\u00f3n seg\u00fan la necesidad de mi presencia, la agenda y las circunstancias.<\/p>\n<p>&nbsp;<\/p>\n<p><strong>\u00bfES POSIBLE PEDIR UNA ENTREVISTA PERSONAL, UNA SESI\u00d3N TERAP\u00c9UTICA, UNA SESI\u00d3N DE CURACI\u00d3N CON EL PROF. MAMANI?<\/strong><\/p>\n<p>La ocasi\u00f3n y la posibilidad de encontrarme se presentan durante mis conferencias, mis seminarios o los eventos p\u00fablicos a los cuales participo (consulta la AGENDA).<br \/>\nMi deber es el de difundir el conocimiento de mi pueblo. En los libros que he escrito y que estoy escribiendo, el mensaje fundamental se basa en la auto-curaci\u00f3n. No es posible concertar citas individuales, ya que no podr\u00eda enfrentarme a la grande demanda y tener el tiempo necesario para hacer mi trabajo.<\/p>\n<p>&nbsp;<\/p>\n<p><strong>PARA LOS QUE ESCRIBEN PREGUNTANDO CONSEJOS, EXPONIENDO SUS PROBLEMAS EXISTENCIALES Y SUS SUE\u00d1OS PARA SER INTERPRETADOS:<\/strong><\/p>\n<p>Estoy consciente del hecho que todos los que me env\u00edan cartas pidiendo un apoyo tienen la necesidad de hacer claridad en s\u00ed mismos. Sin embargo no tengo el tiempo para poder contestar personalmente a cada uno de manera eficaz y exhaustiva. Cada vez que se hace la ceremonia durante un seminario, pido en mis oraciones que cada persona reciba comprensi\u00f3n y sabidur\u00eda para encontrar el proprio sentido de la vida, su proprio camino, y que cada uno pueda encontrar el coraje de resolver sus propios problemas.<\/p>\n<p>&nbsp;<\/p>\n<p><strong>\u00bfPUEDO CONOCER PERSONALMENTE A LAS PERSONAS QUE APARECEN EN SUS LIBROS?<\/strong><\/p>\n<p>Por respecto a la privacidad y la tranquilidad de estas personas no quiero favorecer estos encuentros. Si alg\u00fan lector durante un viaje tendr\u00e1 la oportunidad de conocer alguna de estas personas y \u00e9sta se har\u00e1 reconocer, ser\u00e1 un encuentro favorecido por el destino.<\/p>\n<p>&nbsp;<\/p>\n<p><strong>\u00bfPARA SER UNA MUJER VERDADERA TENGO QUE ENFRENTARME A TODAS LAS PRUEBAS QUE EST\u00c1N DESCRITAS EN SUS LIBROS?<\/strong><\/p>\n<p>Muchas mujeres se han enfrentado a pruebas m\u00e1s fuertes de las que aparecen en mis libros, solo que no est\u00e1n conscientes del paso grande que han hecho hacia su feminidad. Se han liberado de los tab\u00faes, de los pensamientos de inseguridad, de la insatisfacci\u00f3n sexual, de una visi\u00f3n de la vida como un problema en vez de c\u00f3mo un reto para afrontar..<\/p>\n<p>&nbsp;<\/p>\n<p><strong>\u00bfQU\u00c9 ENSE\u00d1A EN SUS SEMINARIOS \u201cAKLLAY\u201d?<\/strong><\/p>\n<p>Fundamentalmente estos seminarios sirven para concientizar las mujeres sobre su potencial, sobre c\u00f3mo utilizar la energ\u00eda que la naturaleza le ha otorgado para vivir una vida con conciencia, para enfrentarse a los miedos, romper las cadenas de los tab\u00faes, poder vivir la vida de d\u00eda en d\u00eda enfrent\u00e1ndose a todos sus retos.<\/p>\n<p>&nbsp;<\/p>\n<p><strong>\u00bfCOMO PUEDO CONTACTAR A UN CURANDERO Y ESTAR SEGURO QUE SEA UN VERDADERO CURANDERO?<\/strong><\/p>\n<p>En el norte del Per\u00fa los curanderos se encuentran en la Huancabamba (Las Huaringas); en el Per\u00fa central a Huarochiri, y al sur cerca de Cuzco en San Jeronimo y Huasao. En Bolivia se encuentran en la comunidad de Tiahuanaco, en la calle de las brujas de La Paz, y en la provincia de Savedra est\u00e1n los famosos Kallahuayos.<br \/>\nLos verdaderos curanderos y las verdaderas curanderas no se hacen publicidad, son personas comunes y corrientes que se hacen conocer a trav\u00e9s de la palabra trasmetida de boca a o\u00eddo.<\/p>\n<p>&nbsp;<\/p>\n<p><strong>\u00bfCOMO PUEDO CONTACTAR UN\/A MAESTRO\/A PARA RECIBIR UN INICIACI\u00d3N?<\/strong><\/p>\n<p>Quiero recordar a cada uno que para empezar un camino en esta direcci\u00f3n non es el\/la alumno\/a que escoge al\/a la maestro\/a, sino es el\/la maestro\/a que escoge a su alumno\/a. \u201cCuando el\/la alumno\/a est\u00e1 listo\/a, el\/la maestro\/a llega\u201d.<\/p>\n<p>&nbsp;<\/p>\n<p><strong>\u00bfPUEDO VISITAR LA ESCUELA DE LA VIDA Y DE LA PAZ EN AREQUIPA?<\/strong><\/p>\n<p>Es posible visitar la escuela previa cita concertada por la direcci\u00f3n y solamente exponiendo una valida motivaci\u00f3n.<br \/>\nSi alguien est\u00e1 interesado\/a en un voluntariado, puede consultar www.mamani-inca.net y comprobar la demanda de personal voluntario.<br \/>\n[\/et_pb_text][\/et_pb_column][\/et_pb_row][\/et_pb_section]<\/p>\n","protected":false},"excerpt":{"rendered":"<p>FAQ Pido comprensi\u00f3n a los lectores; cada d\u00eda recibo y leo muchas cartas de ustedes, pero no tengo la posibilidad de contestar a todas. Algunas preguntas y peticiones, las m\u00e1s frecuentes, encontraran una respuesta en esta secci\u00f3n. INVITACIONES A EVENTOS, CONFERENCIAS, SEMINARIOS PROMOVIDOS EN VARIAS OCASIONES. A menudo recibo invitaciones a eventos y manifestaciones de [&hellip;]<\/p>\n","protected":false},"author":1,"featured_media":0,"parent":0,"menu_order":0,"comment_status":"open","ping_status":"open","template":"","meta":{"_et_pb_use_builder":"on","_et_pb_old_content":"","_et_gb_content_width":"","footnotes":""},"class_list":["post-42","page","type-page","status-publish","hentry"],"_links":{"self":[{"href":"https:\/\/www.hernanhuarachemamani.com\/es\/wp-json\/wp\/v2\/pages\/42","targetHints":{"allow":["GET"]}}],"collection":[{"href":"https:\/\/www.hernanhuarachemamani.com\/es\/wp-json\/wp\/v2\/pages"}],"about":[{"href":"https:\/\/www.hernanhuarachemamani.com\/es\/wp-json\/wp\/v2\/types\/page"}],"author":[{"embeddable":true,"href":"https:\/\/www.hernanhuarachemamani.com\/es\/wp-json\/wp\/v2\/users\/1"}],"replies":[{"embeddable":true,"href":"https:\/\/www.hernanhuarachemamani.com\/es\/wp-json\/wp\/v2\/comments?post=42"}],"version-history":[{"count":13,"href":"https:\/\/www.hernanhuarachemamani.com\/es\/wp-json\/wp\/v2\/pages\/42\/revisions"}],"predecessor-version":[{"id":406,"href":"https:\/\/www.hernanhuarachemamani.com\/es\/wp-json\/wp\/v2\/pages\/42\/revisions\/406"}],"wp:attachment":[{"href":"https:\/\/www.hernanhuarachemamani.com\/es\/wp-json\/wp\/v2\/media?parent=42"}],"curies":[{"name":"wp","href":"https:\/\/api.w.org\/{rel}","templated":true}]}}