{"id":64,"date":"2014-11-07T18:46:02","date_gmt":"2014-11-07T17:46:02","guid":{"rendered":"http:\/\/www.hernanhuarachemamani.com\/es\/?page_id=64"},"modified":"2015-03-04T17:14:21","modified_gmt":"2015-03-04T16:14:21","slug":"books","status":"publish","type":"page","link":"https:\/\/www.hernanhuarachemamani.com\/es\/books\/","title":{"rendered":"Books"},"content":{"rendered":"<p>[et_pb_section][et_pb_row][et_pb_column type=&#8221;2_3&#8243;][et_pb_image admin_label=&#8221;Image&#8221; src=&#8221;http:\/\/www.hernanhuarachemamani.com\/es\/wp-content\/uploads\/2014\/11\/Mamani-books.jpg&#8221; show_in_lightbox=&#8221;off&#8221; url_new_window=&#8221;off&#8221; animation=&#8221;left&#8221; sticky=&#8221;off&#8221; \/][et_pb_text admin_label=&#8221;Text&#8221; background_layout=&#8221;light&#8221; text_orientation=&#8221;left&#8221;]<\/p>\n<h2>PORQUE ESCRIBO:<\/h2>\n<p style=\"text-align: justify;\">Soy escritor por obligaci\u00f3n y escribo para las personas que quieren crear un futuro m\u00e1s humano despertando su espiritualidad. La palabra escrita va dirigida cuando tengo la necesidad de se\u00f1alar algo que puede ser mejorado en cada ser humano que desea cambiar su vida.<br \/>\nMe han dicho que soy feminista, tal vez lo sea porque provengo de una cultura que da mucha importancia a la mujer. Nosotros, los andinos, somos pacifistas y no queremos hacer de la guerra o violencia un culto. No nos gusta la injusticia. Las mujeres sabias que he conocido han enriquecido mi vida haci\u00e9ndome ver con su ejemplo el amor, la comprensi\u00f3n, la compasi\u00f3n y la fe en la vida. Finalmente, admiro mucho a las mujeres porque tienen paciencia y mucho amor por los hijos, sus parejas, la humanidad; y ven el futuro con optimismo.<\/p>\n<p style=\"text-align: justify;\">Antes como educador intent\u00e9 cambiar esta sociedad enferma con discursos dirigidos a los estudiantes; luego comprend\u00ed que un libro escrito con lenguaje claro y sencillo tiene m\u00e1s difusi\u00f3n y puede llegar a todo el mundo, causando un gran impacto en las personas, especialmente si va dirigido al despertar de las mujeres.<\/p>\n<p style=\"text-align: justify;\">La mayor\u00eda de escritores peruanos se ocupan de temas occidentales; en cambio, somos pocos los que nos ocupamos de difundir la cultura de nuestros antepasados, y los que vemos con sorpresa c\u00f3mo existen escritores occidentales empe\u00f1ados a estudiar y a escribir sobre nuestro pasado. Comprendo que ellos son atra\u00eddos por nuestra cultura porque buscan c\u00f3mo curar su sociedad, ya que muchos pensamientos de la cultura andina sirven para mejorar la sociedad donde viven.<\/p>\n<p style=\"text-align: justify;\">Cuando escribo soy consciente que un libro puede cambiar y influenciar en la vida de una persona y sus futuras acciones, porque las palabras penetran m\u00e1s all\u00e1 de la piel, fijan pensamientos, ideas, y hacerse luego un sentimiento, hasta una experiencia de vida.<\/p>\n<p style=\"text-align: justify;\">Inter\u00e9sados en profundizar el conocimiento de la cultura andina, de los pueblos nativos peruanos, estos libros ofrecen a los lectores innumerables ocasiones de reflexi\u00f3n y descubrimiento. Gracias a algunos editores, muchas personas han tenido la posibilidad de beneficiarse de este trabajo, y mi sue\u00f1o, la creaci\u00f3n de la escuela de la Vida y de la Paz, ha podido hacerse realidad. Desafortunadamente, muchas personas todavia no han podido coger estas ocasiones a causa de la cantidad limitada de idiomas en los cuales los libros han sido traducidos: pero estoy seguro que pronto este conocimiento llegar\u00e1 de alguna manera a la gente que lo est\u00e1 buscando.<\/p>\n<p>&nbsp;[\/et_pb_text][et_pb_blog admin_label=&#8221;Books&#8221; fullwidth=&#8221;on&#8221; posts_number=&#8221;50&#8243; include_categories=&#8221;5&#8243; meta_date=&#8221;M j, Y&#8221; show_thumbnail=&#8221;on&#8221; show_content=&#8221;off&#8221; show_more=&#8221;on&#8221; show_author=&#8221;off&#8221; show_date=&#8221;off&#8221; show_categories=&#8221;off&#8221; show_pagination=&#8221;on&#8221; background_layout=&#8221;light&#8221; \/][\/et_pb_column][et_pb_column type=&#8221;1_3&#8243;][et_pb_sidebar admin_label=&#8221;Sidebar&#8221; orientation=&#8221;left&#8221; area=&#8221;sidebar-1&#8243; background_layout=&#8221;light&#8221; \/][\/et_pb_column][\/et_pb_row][\/et_pb_section]<\/p>\n","protected":false},"excerpt":{"rendered":"<p><div class=\"et_pb_section et_pb_section_0 et_section_regular\" >\n\t\t\t\t\n\t\t\t\t\n\t\t\t\t\n\t\t\t\t\n\t\t\t\t\n\t\t\t\t\n\t\t\t\t\n\t\t\t\t\n\t\t\t\t\n\t\t\t<\/div><div class=\"et_pb_row et_pb_row_0 et_pb_row_empty\">\n\t\t\t\t\n\t\t\t\t\n\t\t\t\t\n\t\t\t\t\n\t\t\t\t\n\t\t\t<\/div>PORQUE ESCRIBO: Soy escritor por obligaci\u00f3n y escribo para las personas que quieren crear un futuro m\u00e1s humano despertando su espiritualidad. La palabra escrita va dirigida cuando tengo la necesidad de se\u00f1alar algo que puede ser mejorado en cada ser humano que desea cambiar su vida. Me han dicho que soy feminista, tal vez lo [&hellip;]<\/p>\n","protected":false},"author":1,"featured_media":0,"parent":0,"menu_order":0,"comment_status":"open","ping_status":"open","template":"","meta":{"_et_pb_use_builder":"on","_et_pb_old_content":"","_et_gb_content_width":"","footnotes":""},"class_list":["post-64","page","type-page","status-publish","hentry"],"_links":{"self":[{"href":"https:\/\/www.hernanhuarachemamani.com\/es\/wp-json\/wp\/v2\/pages\/64","targetHints":{"allow":["GET"]}}],"collection":[{"href":"https:\/\/www.hernanhuarachemamani.com\/es\/wp-json\/wp\/v2\/pages"}],"about":[{"href":"https:\/\/www.hernanhuarachemamani.com\/es\/wp-json\/wp\/v2\/types\/page"}],"author":[{"embeddable":true,"href":"https:\/\/www.hernanhuarachemamani.com\/es\/wp-json\/wp\/v2\/users\/1"}],"replies":[{"embeddable":true,"href":"https:\/\/www.hernanhuarachemamani.com\/es\/wp-json\/wp\/v2\/comments?post=64"}],"version-history":[{"count":19,"href":"https:\/\/www.hernanhuarachemamani.com\/es\/wp-json\/wp\/v2\/pages\/64\/revisions"}],"predecessor-version":[{"id":289,"href":"https:\/\/www.hernanhuarachemamani.com\/es\/wp-json\/wp\/v2\/pages\/64\/revisions\/289"}],"wp:attachment":[{"href":"https:\/\/www.hernanhuarachemamani.com\/es\/wp-json\/wp\/v2\/media?parent=64"}],"curies":[{"name":"wp","href":"https:\/\/api.w.org\/{rel}","templated":true}]}}