{"id":339,"date":"2015-06-03T17:53:03","date_gmt":"2015-06-03T15:53:03","guid":{"rendered":"http:\/\/www.hernanhuarachemamani.com\/it\/?page_id=339"},"modified":"2019-03-21T19:13:28","modified_gmt":"2019-03-21T18:13:28","slug":"cookie-policy","status":"publish","type":"page","link":"https:\/\/www.hernanhuarachemamani.com\/it\/cookie-policy\/","title":{"rendered":"Cookie Policy"},"content":{"rendered":"<p>[et_pb_section fb_built=&#8221;1&#8243; _builder_version=&#8221;3.0.47&#8243;][et_pb_row _builder_version=&#8221;3.0.48&#8243; background_size=&#8221;initial&#8221; background_position=&#8221;top_left&#8221; background_repeat=&#8221;repeat&#8221;][et_pb_column type=&#8221;2_3&#8243; _builder_version=&#8221;3.0.47&#8243;][et_pb_text admin_label=&#8221;Text&#8221; _builder_version=&#8221;3.0.74&#8243; background_size=&#8221;initial&#8221; background_position=&#8221;top_left&#8221; background_repeat=&#8221;repeat&#8221;]<\/p>\n<div class=\"head-image row\">\n<div class=\"span12\">\n<div class=\"colsx\">\n<h1>POLITICA PER I COOKIE<\/h1>\n<h2><\/h2>\n<h2><\/h2>\n<h2>Tutto quello che devi sapere sull&#8217;utilizzo dei cookie quando navighi il nostro sito.<\/h2>\n<\/div>\n<div class=\"coldx\"><\/div>\n<\/div>\n<\/div>\n<div class=\"tc_column_left\">\n<div class=\"specs\">\n<p>L&#8217;accesso al sito www.hernanhuarachemamani.com pu\u00f2 comportare l&#8217;invio, da parte dei nostri server al pc dell&#8217;utente, dei cosiddetti &#8220;cookies&#8221;, ossia di files che consentono di ottenere informazioni sulle pagine visitate al fine di rendere pi\u00f9 veloce l&#8217;utilizzo dei vari servizi.<\/p>\n<p>H.H.Mamani\u00a0abbina le informazioni raccolte dai cookie ad altri dati forniti da lei su di s\u00e9 o di altro tipo raccolti ai fini riportati nella nostra <a href=\"http:\/\/www.hernanhuarachemamani.com\/it\/?page_id=342\">Politica per la privacy<\/a>.<br \/> Se non vuole il nostro sito non collochi cookie nel suo dispositivo, pu\u00f2 rifiutare il loro impiego attraverso le impostazioni del suo browser.<br \/> In tal caso non garantiamo la corretta fruizione dei servizi offerti sul sito www.hernanhuarachemamani.com.<\/p>\n<h2><\/h2>\n<h2>Finalit\u00e0 e tipologie dei cookie<\/h2>\n<p>In base alla funzione e alla finalit\u00e0 di utilizzo, i cookie possono suddividersi in cookie tecnici, cookie di profilazione, cookie di terze parti.<\/p>\n<p><b>Cookie tecnici<\/b><br \/> Sono cookie utilizzati per eseguire autenticazioni informatiche, monitoraggio di sessioni e memorizzazione di informazioni specifiche sugli utenti che accedono ad una pagina web.<br \/> Questi cookie sono spesso utili, perch\u00e9 possono rendere pi\u00f9 veloce e rapida la navigazione e fruizione del web, perch\u00e9 ad esempio intervengono a facilitare alcune procedure per fare acquisti online o per le autenticazioni ad aree ad accesso riservato.<\/p>\n<p><b>Cookie di profilazione<\/b><br \/> I cookie di profilazione invece possono essere utilizzati per monitorare e profilare gli utenti durante la navigazione, studiare i loro movimenti e abitudini di consultazione del web o di consumo , anche allo scopo di inviare pubblicit\u00e0 di servizi mirati e personalizzati.<br \/> Questo sito non utilizza cookie di profilazione a questo scopo ma utilizza servizi come Analytics di Google e altri strumenti per la condivisione delle pagine sui principali Social Network (ad esempio Facebook). Tali servizi possono aggregare molte informazioni, in forma anonima, e consentire alle societ\u00e0 terze titolari di fornire successivamente contenuti pubblicitari mirati.<\/p>\n<p><b>Cookie di terze parti<\/b><br \/> I cookie di terze parti sono cookie provenienti da altri siti e contenuti in vari elementi ospitati sulla pagina stessa, come ad esempio banner pubblicitari, immagini, video, et.. Detti cookie sono impostati direttamente da gestori di siti web o server diversi dal sito www.hernanhuarachemamani.com.<\/p>\n<\/div>\n<\/div>\n<p>[\/et_pb_text][\/et_pb_column][et_pb_column type=&#8221;1_3&#8243; _builder_version=&#8221;3.0.47&#8243;][et_pb_sidebar area=&#8221;sidebar-1&#8243; admin_label=&#8221;Sidebar&#8221; _builder_version=&#8221;3.0.74&#8243;][\/et_pb_sidebar][\/et_pb_column][\/et_pb_row][\/et_pb_section]<\/p>\n","protected":false},"excerpt":{"rendered":"<p>POLITICA PER I COOKIE Tutto quello che devi sapere sull&#8217;utilizzo dei cookie quando navighi il nostro sito. L&#8217;accesso al sito www.hernanhuarachemamani.com pu\u00f2 comportare l&#8217;invio, da parte dei nostri server al pc dell&#8217;utente, dei cosiddetti &#8220;cookies&#8221;, ossia di files che consentono di ottenere informazioni sulle pagine visitate al fine di rendere pi\u00f9 veloce l&#8217;utilizzo dei vari [&hellip;]<\/p>\n","protected":false},"author":1,"featured_media":0,"parent":0,"menu_order":0,"comment_status":"open","ping_status":"open","template":"","meta":{"_et_pb_use_builder":"on","_et_pb_old_content":"","_et_gb_content_width":"","footnotes":""},"class_list":["post-339","page","type-page","status-publish","hentry"],"_links":{"self":[{"href":"https:\/\/www.hernanhuarachemamani.com\/it\/wp-json\/wp\/v2\/pages\/339","targetHints":{"allow":["GET"]}}],"collection":[{"href":"https:\/\/www.hernanhuarachemamani.com\/it\/wp-json\/wp\/v2\/pages"}],"about":[{"href":"https:\/\/www.hernanhuarachemamani.com\/it\/wp-json\/wp\/v2\/types\/page"}],"author":[{"embeddable":true,"href":"https:\/\/www.hernanhuarachemamani.com\/it\/wp-json\/wp\/v2\/users\/1"}],"replies":[{"embeddable":true,"href":"https:\/\/www.hernanhuarachemamani.com\/it\/wp-json\/wp\/v2\/comments?post=339"}],"version-history":[{"count":3,"href":"https:\/\/www.hernanhuarachemamani.com\/it\/wp-json\/wp\/v2\/pages\/339\/revisions"}],"predecessor-version":[{"id":498,"href":"https:\/\/www.hernanhuarachemamani.com\/it\/wp-json\/wp\/v2\/pages\/339\/revisions\/498"}],"wp:attachment":[{"href":"https:\/\/www.hernanhuarachemamani.com\/it\/wp-json\/wp\/v2\/media?parent=339"}],"curies":[{"name":"wp","href":"https:\/\/api.w.org\/{rel}","templated":true}]}}