{"id":37,"date":"2014-10-01T11:57:00","date_gmt":"2014-10-01T09:57:00","guid":{"rendered":"http:\/\/www.hernanhuarachemamani.com\/it\/?page_id=37"},"modified":"2019-03-12T17:30:11","modified_gmt":"2019-03-12T16:30:11","slug":"home","status":"publish","type":"page","link":"https:\/\/www.hernanhuarachemamani.com\/it\/","title":{"rendered":"Home"},"content":{"rendered":"<p>[et_pb_section fb_built=&#8221;1&#8243; fullwidth=&#8221;on&#8221; _builder_version=&#8221;3.0.47&#8243;][et_pb_fullwidth_slider admin_label=&#8221;Fullwidth Slider&#8221; _builder_version=&#8221;3.16&#8243; custom_padding=&#8221;|||&#8221; auto=&#8221;on&#8221; auto_speed=&#8221;5000&#8243; button_text_size__hover_enabled=&#8221;off&#8221; button_text_size__hover=&#8221;null&#8221; button_one_text_size__hover_enabled=&#8221;off&#8221; button_one_text_size__hover=&#8221;null&#8221; button_two_text_size__hover_enabled=&#8221;off&#8221; button_two_text_size__hover=&#8221;null&#8221; button_text_color__hover_enabled=&#8221;off&#8221; button_text_color__hover=&#8221;null&#8221; button_one_text_color__hover_enabled=&#8221;off&#8221; button_one_text_color__hover=&#8221;null&#8221; button_two_text_color__hover_enabled=&#8221;off&#8221; button_two_text_color__hover=&#8221;null&#8221; button_border_width__hover_enabled=&#8221;off&#8221; button_border_width__hover=&#8221;null&#8221; button_one_border_width__hover_enabled=&#8221;off&#8221; button_one_border_width__hover=&#8221;null&#8221; button_two_border_width__hover_enabled=&#8221;off&#8221; button_two_border_width__hover=&#8221;null&#8221; button_border_color__hover_enabled=&#8221;off&#8221; button_border_color__hover=&#8221;null&#8221; button_one_border_color__hover_enabled=&#8221;off&#8221; button_one_border_color__hover=&#8221;null&#8221; button_two_border_color__hover_enabled=&#8221;off&#8221; button_two_border_color__hover=&#8221;null&#8221; button_border_radius__hover_enabled=&#8221;off&#8221; button_border_radius__hover=&#8221;null&#8221; button_one_border_radius__hover_enabled=&#8221;off&#8221; button_one_border_radius__hover=&#8221;null&#8221; button_two_border_radius__hover_enabled=&#8221;off&#8221; button_two_border_radius__hover=&#8221;null&#8221; button_letter_spacing__hover_enabled=&#8221;off&#8221; button_letter_spacing__hover=&#8221;null&#8221; button_one_letter_spacing__hover_enabled=&#8221;off&#8221; button_one_letter_spacing__hover=&#8221;null&#8221; button_two_letter_spacing__hover_enabled=&#8221;off&#8221; button_two_letter_spacing__hover=&#8221;null&#8221; button_bg_color__hover_enabled=&#8221;off&#8221; button_bg_color__hover=&#8221;null&#8221; button_one_bg_color__hover_enabled=&#8221;off&#8221; button_one_bg_color__hover=&#8221;null&#8221; button_two_bg_color__hover_enabled=&#8221;off&#8221; button_two_bg_color__hover=&#8221;null&#8221;][et_pb_slide use_bg_overlay=&#8221;off&#8221; use_text_overlay=&#8221;off&#8221; admin_title=&#8221;Prima immagine&#8221; _builder_version=&#8221;3.20.1&#8243; background_color=&#8221;#ffffff&#8221; background_image=&#8221;http:\/\/www.hernanhuarachemamani.com\/it\/wp-content\/uploads\/2014\/10\/slide_01.jpg&#8221; button_on_hover=&#8221;on&#8221;][\/et_pb_slide][et_pb_slide heading=&#8221;Vogliamo o no, il cambiamento cosmico ci porta verso il ciclo del femminile.&#8221; button_text=&#8221;Ogni lavoro interiore che facciamo per risvegliare lo spirito femminile risparmier\u00e0 sofferenze ed energie sul notro pianeta. Da qui l&#8217;importanza di portarlo alla coscienza e alla conoscenza di ogni donna che vuole essere una colonna di energia per una societ\u00e0 pi\u00f9 umana.&#8221; _builder_version=&#8221;3.20.1&#8243; background_color=&#8221;#ffffff&#8221; background_image=&#8221;http:\/\/www.hernanhuarachemamani.com\/it\/wp-content\/uploads\/2014\/10\/slide_02.jpg&#8221;][\/et_pb_slide][et_pb_slide heading=&#8221;La Terra vive e gli spiriti guardiani dell&#8217;umanit\u00e0 vi possono parlare&#8221; button_text=&#8221;perch\u00e9 anche voi siete divini, ma lo avete dimenticato. La Terra \u00e8 sacra e anche l&#8217;uomo \u00e8 sacro. (Meditazione Nelle Ande)&#8221; use_bg_overlay=&#8221;off&#8221; use_text_overlay=&#8221;off&#8221; admin_title=&#8221;etichetta amministratore&#8221; _builder_version=&#8221;3.20.1&#8243; background_color=&#8221;#ffffff&#8221; background_image=&#8221;http:\/\/www.hernanhuarachemamani.com\/it\/wp-content\/uploads\/2014\/10\/slide_03.jpg&#8221; button_on_hover=&#8221;on&#8221; background_layout=&#8221;light&#8221;][\/et_pb_slide][\/et_pb_fullwidth_slider][\/et_pb_section][et_pb_section fb_built=&#8221;1&#8243; _builder_version=&#8221;3.0.47&#8243;][et_pb_row _builder_version=&#8221;3.0.48&#8243; background_size=&#8221;initial&#8221; background_position=&#8221;top_left&#8221; background_repeat=&#8221;repeat&#8221;][et_pb_column type=&#8221;4_4&#8243; _builder_version=&#8221;3.0.47&#8243;][et_pb_text admin_label=&#8221;Text&#8221; _builder_version=&#8221;3.16&#8243; background_size=&#8221;initial&#8221; background_position=&#8221;top_left&#8221; background_repeat=&#8221;repeat&#8221;]<\/p>\n<h2 style=\"text-align: center;\"><em><span class=\"Apple-style-span\">\u201cSiamo alle porte di un nuovo millennio d\u2019oro, nel quale le donne lavoreranno per creare una nuova societ\u00e0; per questo \u00e8 necessario cominciare a migliorare le scuole e l\u2019informazione scritta e orale rivolte al risveglio dell\u2019essere umano. L\u2019uomo e la donna devono lavorare in questa direzione se vogliono partecipare a questa grande avventura umana.<span class=\"Apple-style-span\"><em><span class=\"Apple-style-span\"><em><span class=\"Apple-style-span\"><em><span class=\"Apple-style-span\">\u201d<\/span><\/em><\/span><\/em><\/span><\/em><\/span><\/span><\/em><\/h2>\n<p>[\/et_pb_text][\/et_pb_column][\/et_pb_row][\/et_pb_section]<\/p>\n","protected":false},"excerpt":{"rendered":"<p>\u201cSiamo alle porte di un nuovo millennio d\u2019oro, nel quale le donne lavoreranno per creare una nuova societ\u00e0; per questo \u00e8 necessario cominciare a migliorare le scuole e l\u2019informazione scritta e orale rivolte al risveglio dell\u2019essere umano. L\u2019uomo e la donna devono lavorare in questa direzione se vogliono partecipare a questa grande avventura umana.\u201d<\/p>\n","protected":false},"author":1,"featured_media":0,"parent":0,"menu_order":0,"comment_status":"closed","ping_status":"closed","template":"","meta":{"_et_pb_use_builder":"on","_et_pb_old_content":"","_et_gb_content_width":"","footnotes":""},"class_list":["post-37","page","type-page","status-publish","hentry"],"_links":{"self":[{"href":"https:\/\/www.hernanhuarachemamani.com\/it\/wp-json\/wp\/v2\/pages\/37","targetHints":{"allow":["GET"]}}],"collection":[{"href":"https:\/\/www.hernanhuarachemamani.com\/it\/wp-json\/wp\/v2\/pages"}],"about":[{"href":"https:\/\/www.hernanhuarachemamani.com\/it\/wp-json\/wp\/v2\/types\/page"}],"author":[{"embeddable":true,"href":"https:\/\/www.hernanhuarachemamani.com\/it\/wp-json\/wp\/v2\/users\/1"}],"replies":[{"embeddable":true,"href":"https:\/\/www.hernanhuarachemamani.com\/it\/wp-json\/wp\/v2\/comments?post=37"}],"version-history":[{"count":20,"href":"https:\/\/www.hernanhuarachemamani.com\/it\/wp-json\/wp\/v2\/pages\/37\/revisions"}],"predecessor-version":[{"id":493,"href":"https:\/\/www.hernanhuarachemamani.com\/it\/wp-json\/wp\/v2\/pages\/37\/revisions\/493"}],"wp:attachment":[{"href":"https:\/\/www.hernanhuarachemamani.com\/it\/wp-json\/wp\/v2\/media?parent=37"}],"curies":[{"name":"wp","href":"https:\/\/api.w.org\/{rel}","templated":true}]}}