{"id":374,"date":"2016-10-20T19:32:54","date_gmt":"2016-10-20T17:32:54","guid":{"rendered":"http:\/\/www.hernanhuarachemamani.com\/it\/?page_id=374"},"modified":"2021-02-10T17:50:47","modified_gmt":"2021-02-10T16:50:47","slug":"in-viaggio-verso-il-cosmo","status":"publish","type":"page","link":"https:\/\/www.hernanhuarachemamani.com\/it\/in-viaggio-verso-il-cosmo\/","title":{"rendered":"In viaggio verso il Cosmo"},"content":{"rendered":"<h6><i>20 Ottobre 2016.<\/i><\/h6>\n<h4><i>Care amiche e cari amici<\/i><i>,<br \/>\n<\/i><i>questa mattina Hern\u00e1n ha lasciato il suo corpo e la sua vita terrena per intraprendere un viaggio verso il Cosmo.<\/i><\/h4>\n<h4><i> Da tempo ha lottato come un guerriero con una forza spirituale e fisica ineguagliabile, nonostante fosse conscio di non avere pi\u00f9 l&#8217;energia di un ventenne, riuscendo a rialzarsi di nuovo in piedi quando colpito. <\/i><\/h4>\n<h4><i>Purtroppo per\u00f2 \u00e8 successo l&#8217;inevitabile. Pian pianino il suo male ha cominciato a colpire sempre pi\u00f9 forte, e lui si \u00e8 reso conto che, per quanto forte un guerriero sia, non pu\u00f2 vincere ogni battaglia. <\/i><\/h4>\n<h4><i>Se n&#8217;\u00e8 andato con la serenit\u00e0 e la calma che solo i grandi Maestri hanno, abbracciato dalla sua famiglia &#8211; chi proprio al suo fianco, chi a distanza.<\/i><\/h4>\n<h4><i>Molti di voi lo conoscono grazie ai libri che ha scritto, dove trasmetteva messaggi di luce e amore. E lui era proprio cos\u00ec: luce e amore.<\/i><\/h4>\n<h4><i>L\u2019innocenza e la curiosit\u00e0 negli occhi di un bambino, il sorriso sincero e autentico di chi non porta una maschera, e il cuore, grande, di chi ama e rispetta.<\/i><\/h4>\n<h4><i>Un uomo talmente generoso da lasciare la sua terra natale per venire in Europa, a portare il suo messaggio tramite libri e seminari. Un uomo talmente generoso da passare la maggior parte della sua vita aiutando chi ne aveva bisogno. Un uomo talmente generoso da fondare e finanziare la<\/i><span style=\"color: #0000ff;\"><i> Scuola della Vita e della Pace<\/i><i>.<\/i><\/span><\/h4>\n<h4><i>Un uomo talmente coraggioso da venire in Europa a parlare del tab\u00f9 della sessualit\u00e0 e del potere femminile. <\/i><\/h4>\n<h4><i>Un uomo di un\u2019umilt\u00e0 infinita, pieno di ideali e di progetti altruistici espressi in modo semplice e chiaro.<\/i><\/h4>\n<h4><i>Un uomo che voleva ancora vivere, perch\u00e9 non aveva ancora terminato il suo compito spirituale, e forse spetta a noi, realizzarlo.<\/i><\/h4>\n<h4><i>Un grande uomo, e chi lo ha conosciuto lo sa. <\/i><\/h4>\n<h4><i>Come famiglia per noi lui era questo e molto di pi\u00f9. Ogni momento passato con lui per noi \u00e8 stato un privilegio. Ora siamo pronti ad accompagnarlo verso la sua nuova avventura.<\/i><\/h4>\n<h4>Grazie,<\/h4>\n<h4>la famiglia.<\/h4>\n","protected":false},"excerpt":{"rendered":"<p>20 Ottobre 2016. Care amiche e cari amici, questa mattina Hern\u00e1n ha lasciato il suo corpo e la sua vita terrena per intraprendere un viaggio verso il Cosmo. Da tempo ha lottato come un guerriero con una forza spirituale e fisica ineguagliabile, nonostante fosse conscio di non avere pi\u00f9 l&#8217;energia di un ventenne, riuscendo a [&hellip;]<\/p>\n","protected":false},"author":2,"featured_media":0,"parent":0,"menu_order":0,"comment_status":"closed","ping_status":"closed","template":"","meta":{"_et_pb_use_builder":"off","_et_pb_old_content":"<h4><i>Care amiche e cari amici<\/i><i>,<br \/> <\/i><i>questa mattina Hern\u00e1n ha lasciato il suo corpo e la sua vita terrena per intraprendere un viaggio verso il Cosmo.<\/i><\/h4><h4><i> Da tempo ha lottato come un guerriero con una forza spirituale e fisica ineguagliabile, nonostante fosse conscio di non avere pi\u00f9 l'energia di un ventenne, riuscendo a rialzarsi di nuovo in piedi quando colpito dal male. <\/i><\/h4><h4><i>Purtroppo per\u00f2 \u00e8 successo l'inevitabile. Pian pianino il suo male ha cominciato a colpire sempre pi\u00f9 forte, e lui si \u00e8 reso conto che, per quanto forte un guerriero sia, non pu\u00f2 vincere ogni battaglia che gli si presenta. <\/i><\/h4><h4><i>Se n'\u00e8 andato con la serenit\u00e0 e la calma che solo i grandi Maestri hanno, abbracciato dalla sua famiglia - chi proprio al suo fianco, chi a distanza.<\/i><\/h4><h4><i>Molti di voi lo conoscono grazie ai libri che ha scritto, dove trasmetteva messaggi di luce e amore. E lui era proprio cos\u00ec: luce e amore.<\/i><\/h4><h4><i>L\u2019innocenza e la curiosit\u00e0 negli occhi di un bambino, il sorriso sincero e autentico di chi non porta una maschera, e il cuore, grande, di chi ama e rispetta.<\/i><\/h4><h4><i>Un uomo talmente generoso da lasciare la sua terra natale per venire in Europa, a portare il suo messaggio tramite libri e seminari. Un uomo talmente generoso da passare la maggior parte della sua vita aiutando chi ne aveva bisogno. Un uomo talmente generoso da fondare e finanziare la<\/i><span style=\"color: #0000ff;\"><a style=\"color: #0000ff;\" href=\"http:\/\/mamani-inca.net\/chi-siamo\/\"><i> Scuola della Vita e della Pace<\/i><\/a><i>.<\/i><\/span><\/h4><h4><i>Un uomo talmente coraggioso da venire in Europa a parlare del tab\u00f9 della sessualit\u00e0 e del potere femminile. <\/i><\/h4><h4><i>Un uomo di un\u2019umilt\u00e0 infinita, pieno di ideali e di progetti altruistici espressi in modo semplice e chiaro.<\/i><\/h4><h4><i>Un uomo che voleva ancora vivere, perch\u00e9 non aveva ancora terminato il suo compito spirituale, e forse spetta a noi, realizzarlo.<\/i><\/h4><h4><i>Un grande uomo, e chi lo ha conosciuto lo sa. <\/i><\/h4><h4><i>Come famiglia per noi lui era questo e molto di pi\u00f9. Ogni momento passato con lui per noi \u00e8 stato un privilegio. Ora siamo pronti ad accompagnarlo verso la sua nuova avventura.<\/i><\/h4><h4>Grazie,<\/h4><h4>la famiglia.<\/h4>","_et_gb_content_width":"","footnotes":""},"class_list":["post-374","page","type-page","status-publish","hentry"],"_links":{"self":[{"href":"https:\/\/www.hernanhuarachemamani.com\/it\/wp-json\/wp\/v2\/pages\/374","targetHints":{"allow":["GET"]}}],"collection":[{"href":"https:\/\/www.hernanhuarachemamani.com\/it\/wp-json\/wp\/v2\/pages"}],"about":[{"href":"https:\/\/www.hernanhuarachemamani.com\/it\/wp-json\/wp\/v2\/types\/page"}],"author":[{"embeddable":true,"href":"https:\/\/www.hernanhuarachemamani.com\/it\/wp-json\/wp\/v2\/users\/2"}],"replies":[{"embeddable":true,"href":"https:\/\/www.hernanhuarachemamani.com\/it\/wp-json\/wp\/v2\/comments?post=374"}],"version-history":[{"count":9,"href":"https:\/\/www.hernanhuarachemamani.com\/it\/wp-json\/wp\/v2\/pages\/374\/revisions"}],"predecessor-version":[{"id":535,"href":"https:\/\/www.hernanhuarachemamani.com\/it\/wp-json\/wp\/v2\/pages\/374\/revisions\/535"}],"wp:attachment":[{"href":"https:\/\/www.hernanhuarachemamani.com\/it\/wp-json\/wp\/v2\/media?parent=374"}],"curies":[{"name":"wp","href":"https:\/\/api.w.org\/{rel}","templated":true}]}}