{"id":42,"date":"2014-10-07T12:05:17","date_gmt":"2014-10-07T10:05:17","guid":{"rendered":"http:\/\/www.hernanhuarachemamani.com\/it\/?page_id=42"},"modified":"2024-04-16T10:32:46","modified_gmt":"2024-04-16T08:32:46","slug":"contact","status":"publish","type":"page","link":"https:\/\/www.hernanhuarachemamani.com\/it\/contact\/","title":{"rendered":"Contact"},"content":{"rendered":"<p>[et_pb_section fb_built=&#8221;1&#8243; _builder_version=&#8221;4.16&#8243; global_colors_info=&#8221;{}&#8221;][et_pb_row _builder_version=&#8221;4.16&#8243; background_size=&#8221;initial&#8221; background_position=&#8221;top_left&#8221; background_repeat=&#8221;repeat&#8221; global_colors_info=&#8221;{}&#8221; column_structure=&#8221;2_3,1_3&#8243;][et_pb_column type=&#8221;2_3&#8243; _builder_version=&#8221;4.16&#8243; custom_padding=&#8221;|||&#8221; global_colors_info=&#8221;{}&#8221; custom_padding__hover=&#8221;|||&#8221;][et_pb_image src=&#8221;http:\/\/www.hernanhuarachemamani.com\/it\/wp-content\/uploads\/2014\/10\/header800X200-contact.jpg&#8221; align_tablet=&#8221;center&#8221; align_last_edited=&#8221;on|desktop&#8221; admin_label=&#8221;Image&#8221; _builder_version=&#8221;4.16&#8243; animation_style=&#8221;slide&#8221; animation_direction=&#8221;top&#8221; animation_duration=&#8221;500ms&#8221; animation_intensity_slide=&#8221;10%&#8221; animation=&#8221;top&#8221; sticky=&#8221;off&#8221; global_colors_info=&#8221;{}&#8221; align_phone=&#8221;center&#8221;][\/et_pb_image][et_pb_contact_form title=&#8221;CONTATTI:&#8221; admin_label=&#8221;Contact Form&#8221; _builder_version=&#8221;4.24.3&#8243; _unique_id=&#8221;deb9be25-ae1c-4dec-9177-fc61125c5e3c&#8221; hover_enabled=&#8221;0&#8243; global_colors_info=&#8221;{}&#8221; sticky_enabled=&#8221;0&#8243; email=&#8221;author@hernanhuarachemamani.com&#8221;][et_pb_contact_field field_id=&#8221;Name&#8221; field_title=&#8221;Nome&#8221; _builder_version=&#8221;4.16&#8243; global_colors_info=&#8221;{}&#8221; button_text_size__hover_enabled=&#8221;off&#8221; button_one_text_size__hover_enabled=&#8221;off&#8221; button_two_text_size__hover_enabled=&#8221;off&#8221; button_text_color__hover_enabled=&#8221;off&#8221; button_one_text_color__hover_enabled=&#8221;off&#8221; button_two_text_color__hover_enabled=&#8221;off&#8221; button_border_width__hover_enabled=&#8221;off&#8221; button_one_border_width__hover_enabled=&#8221;off&#8221; button_two_border_width__hover_enabled=&#8221;off&#8221; button_border_color__hover_enabled=&#8221;off&#8221; button_one_border_color__hover_enabled=&#8221;off&#8221; button_two_border_color__hover_enabled=&#8221;off&#8221; button_border_radius__hover_enabled=&#8221;off&#8221; button_one_border_radius__hover_enabled=&#8221;off&#8221; button_two_border_radius__hover_enabled=&#8221;off&#8221; button_letter_spacing__hover_enabled=&#8221;off&#8221; button_one_letter_spacing__hover_enabled=&#8221;off&#8221; button_two_letter_spacing__hover_enabled=&#8221;off&#8221; button_bg_color__hover_enabled=&#8221;off&#8221; button_one_bg_color__hover_enabled=&#8221;off&#8221; button_two_bg_color__hover_enabled=&#8221;off&#8221;][\/et_pb_contact_field][et_pb_contact_field field_id=&#8221;Email&#8221; field_title=&#8221;Indirizzo e-mail&#8221; field_type=&#8221;email&#8221; _builder_version=&#8221;4.16&#8243; global_colors_info=&#8221;{}&#8221; button_text_size__hover_enabled=&#8221;off&#8221; button_one_text_size__hover_enabled=&#8221;off&#8221; button_two_text_size__hover_enabled=&#8221;off&#8221; button_text_color__hover_enabled=&#8221;off&#8221; button_one_text_color__hover_enabled=&#8221;off&#8221; button_two_text_color__hover_enabled=&#8221;off&#8221; button_border_width__hover_enabled=&#8221;off&#8221; button_one_border_width__hover_enabled=&#8221;off&#8221; button_two_border_width__hover_enabled=&#8221;off&#8221; button_border_color__hover_enabled=&#8221;off&#8221; button_one_border_color__hover_enabled=&#8221;off&#8221; button_two_border_color__hover_enabled=&#8221;off&#8221; button_border_radius__hover_enabled=&#8221;off&#8221; button_one_border_radius__hover_enabled=&#8221;off&#8221; button_two_border_radius__hover_enabled=&#8221;off&#8221; button_letter_spacing__hover_enabled=&#8221;off&#8221; button_one_letter_spacing__hover_enabled=&#8221;off&#8221; button_two_letter_spacing__hover_enabled=&#8221;off&#8221; button_bg_color__hover_enabled=&#8221;off&#8221; button_one_bg_color__hover_enabled=&#8221;off&#8221; button_two_bg_color__hover_enabled=&#8221;off&#8221;][\/et_pb_contact_field][et_pb_contact_field field_id=&#8221;Message&#8221; field_title=&#8221;Messaggio&#8221; field_type=&#8221;text&#8221; fullwidth_field=&#8221;on&#8221; _builder_version=&#8221;4.16&#8243; global_colors_info=&#8221;{}&#8221; button_text_size__hover_enabled=&#8221;off&#8221; button_one_text_size__hover_enabled=&#8221;off&#8221; button_two_text_size__hover_enabled=&#8221;off&#8221; button_text_color__hover_enabled=&#8221;off&#8221; button_one_text_color__hover_enabled=&#8221;off&#8221; button_two_text_color__hover_enabled=&#8221;off&#8221; button_border_width__hover_enabled=&#8221;off&#8221; button_one_border_width__hover_enabled=&#8221;off&#8221; button_two_border_width__hover_enabled=&#8221;off&#8221; button_border_color__hover_enabled=&#8221;off&#8221; button_one_border_color__hover_enabled=&#8221;off&#8221; button_two_border_color__hover_enabled=&#8221;off&#8221; button_border_radius__hover_enabled=&#8221;off&#8221; button_one_border_radius__hover_enabled=&#8221;off&#8221; button_two_border_radius__hover_enabled=&#8221;off&#8221; button_letter_spacing__hover_enabled=&#8221;off&#8221; button_one_letter_spacing__hover_enabled=&#8221;off&#8221; button_two_letter_spacing__hover_enabled=&#8221;off&#8221; button_bg_color__hover_enabled=&#8221;off&#8221; button_one_bg_color__hover_enabled=&#8221;off&#8221; button_two_bg_color__hover_enabled=&#8221;off&#8221;][\/et_pb_contact_field][\/et_pb_contact_form][\/et_pb_column][et_pb_column type=&#8221;1_3&#8243; _builder_version=&#8221;4.16&#8243; custom_padding=&#8221;|||&#8221; global_colors_info=&#8221;{}&#8221; custom_padding__hover=&#8221;|||&#8221;][et_pb_text admin_label=&#8221;Text&#8221; _builder_version=&#8221;4.16&#8243; background_size=&#8221;initial&#8221; background_position=&#8221;top_left&#8221; background_repeat=&#8221;repeat&#8221; global_colors_info=&#8221;{}&#8221;]<\/p>\n<h2>FAQ<\/h2>\n<p>Chiedo comprensione ai lettori, ogni giorno ricevo e leggo molte lettere da parte vostra, ma non ho la possibilit\u00e0 di rispondere a tutte quelle che mi vengono inviate.<br \/>\nAlcune domande e richieste, le pi\u00f9 frequenti, troveranno risposta in questa sezione.<\/p>\n<p>&nbsp;<\/p>\n<p><strong>INVITI AD EVENTI, CONFERENZE, SEMINARI PROMOSSI IN VARIE OCCASIONI<\/strong><\/p>\n<p>Di frequente ricevo inviti ad eventi e manifestazioni di vario genere. Umanamente non \u00e8 possibile essere ovunque.<br \/>\nLa scelta viene effettuata in base alla necessit\u00e0 della mia presenza,in base all&#8217;agenda e alle circostanze.<\/p>\n<p>&nbsp;<\/p>\n<p><strong>\u00c8 POSSIBILE RICHIEDERE UN COLLOQUIO PERSONALE, UN INCONTRO TERAPEUTICO, UNA SEDUTA DI GUARIGIONE CON IL PROF. MAMANI?<\/strong><\/p>\n<p>L&#8217;occasione e la possibilit\u00e0 di incontrarmi si presentano durante le mie conferenze, i seminari o gli eventi pubblici a cui partecipo (consulta l&#8217;AGENDA).<br \/>\nIl mio compito \u00e8 quello di diffondere la conoscenza del mio popolo. Nei libri che ho scritto e che sto scrivendo, il messaggio fondamentale si basa sull&#8217;autoguarigione.<br \/>\nNon \u00e8 possibile richiedere incontri individuali, in quanto non potrei far fronte alla grande richiesta e avere il tempo necessario per svolgere il mio lavoro.<\/p>\n<p>&nbsp;<\/p>\n<p><strong>PER TUTTI COLORO CHE SCRIVONO CHIEDENDO CONSIGLI, ESPONENDO I LORO PROBLEMI ESISTENZIALI E I LORO SOGNI DA INTERPRETARE:<\/strong><\/p>\n<p>Sono consapevole del fatto che tutti coloro che mi inviano lettere chiedendo un sostegno hanno la necessit\u00e0 di poter fare chiarezza in s\u00e9 stessi. Non ho tuttavia il tempo per poter rispondere personalmente ad ognuno in modo efficace ed esaustivo.<br \/>\nOgni volta che durante un seminario viene svolta una cerimonia, nelle mie preghiere chiedo che ogni persona riceva comprensione e saggezza per trovare il senso della propria vita, la propria strada, e che ognuno possa trovare il coraggio per poter risolvere i propri problemi.<\/p>\n<p>&nbsp;<\/p>\n<p><strong>POSSO CONOSCERE PERSONALMENTE LE PERSONE CHE APPAIONO NEI LIBRI?<\/strong><\/p>\n<p>Nel rispetto della privacy e della tranquillit\u00e0 di queste persone non intendo favorire questi incontri. Se qualche lettore nel corso di un viaggio avr\u00e0 l&#8217;opportunit\u00e0 di conoscere qualcuno di loro e questi si far\u00e0 riconoscere, sar\u00e0 un incontro favorito dal destino.<\/p>\n<p>&nbsp;<\/p>\n<p><strong>PER DIVENTARE UNA VERA DONNA DEVO AFFRONTARE TUTTE LE PROVE CHE VENGONO DESCRITTE NEI SUOI LIBRI?<\/strong><\/p>\n<p>Molte donne hanno affrontato prove pi\u00f9 pesanti di quelle che appaiono nei miei libri, soltanto che non sono consapevoli del grande passo che hanno fatto verso il loro femminile. Si sono liberate da tab\u00f9, da pensieri di insicurezza, dall\u2019insoddisfazione sessuale, da una visione della vita come problema e non come sfida da affrontare.<\/p>\n<p>&nbsp;<\/p>\n<p><strong>CHE COSA INSEGNA NEI SUOI SEMINARI \u201cAKLLAY\u201d?<\/strong><\/p>\n<p>Fondamentalmente questi seminari servono a rendere consapevole le donne sul loro potenziale, su come usare l\u2019energia che la natura ha dato loro per vivere la vita con consapevolezza, ad affrontare le paure, a rompere le catene date dai tab\u00f9, a poter vivere la vita giorno per giorno affrontando tutte le sfide che offre.<\/p>\n<p>&nbsp;<\/p>\n<p><strong>DOVE POSSO TROVARE UN CURANDERO ED ESSERE CERTO CHE SI TRATTI DI UN VERO CURANDERO?<\/strong><\/p>\n<p>Nel nord del Per\u00fa i curanderos si trovano nella Huancabamba (Las Huaringas); nel Per\u00fa centrale a Huarochiri, e al sud vicino a Cuzco a San Jeronimo y Huasao. In Bolivia si trovano nella comunit\u00e0 di Tiahuanaco, nella strada delle streghe di La Paz, e nella provincia di Savedra ci sono i famosi Kallahuayos.<br \/>\nI veri curanderos non si fanno pubblicit\u00e0, sono persone comuni che si fanno conoscere attraverso il passaparola.<\/p>\n<p>&nbsp;<\/p>\n<p><strong>COME POSSO CONTATTARE UN MAESTRO PER RICEVERE UN\u2019INIZIAZIONE?<\/strong><\/p>\n<p>Voglio ricordare a ognuno che per intraprendere un cammino in questa direzione non \u00e8 l\u2019allievo che sceglie un maestro, ma \u00e8 il maestro che sceglie il suo allievo. \u201cQuando l\u2019allievo \u00e8 pronto, il maestro arriva\u201d.<\/p>\n<p>&nbsp;<\/p>\n<p><strong>POSSO VISITARE LA SCUOLA DELLA VITA E DELLA PACE AD AREQUIPA?<\/strong><\/p>\n<p>\u00c8 possibile visitare la scuola previo appuntamento concesso dalla direzione e soltanto esponendo una valida motivazione.<br \/>\nChi fosse invece interessato ad un&#8217;attivit\u00e0 di volontariato, consulti il sito www.mamani-inca.net e verifichi la richiesta di personale volontario.[\/et_pb_text][\/et_pb_column][\/et_pb_row][\/et_pb_section]<\/p>\n","protected":false},"excerpt":{"rendered":"<p>FAQ Chiedo comprensione ai lettori, ogni giorno ricevo e leggo molte lettere da parte vostra, ma non ho la possibilit\u00e0 di rispondere a tutte quelle che mi vengono inviate. Alcune domande e richieste, le pi\u00f9 frequenti, troveranno risposta in questa sezione. &nbsp; INVITI AD EVENTI, CONFERENZE, SEMINARI PROMOSSI IN VARIE OCCASIONI Di frequente ricevo inviti [&hellip;]<\/p>\n","protected":false},"author":1,"featured_media":0,"parent":0,"menu_order":0,"comment_status":"closed","ping_status":"closed","template":"","meta":{"_et_pb_use_builder":"on","_et_pb_old_content":"","_et_gb_content_width":"","footnotes":""},"class_list":["post-42","page","type-page","status-publish","hentry"],"_links":{"self":[{"href":"https:\/\/www.hernanhuarachemamani.com\/it\/wp-json\/wp\/v2\/pages\/42","targetHints":{"allow":["GET"]}}],"collection":[{"href":"https:\/\/www.hernanhuarachemamani.com\/it\/wp-json\/wp\/v2\/pages"}],"about":[{"href":"https:\/\/www.hernanhuarachemamani.com\/it\/wp-json\/wp\/v2\/types\/page"}],"author":[{"embeddable":true,"href":"https:\/\/www.hernanhuarachemamani.com\/it\/wp-json\/wp\/v2\/users\/1"}],"replies":[{"embeddable":true,"href":"https:\/\/www.hernanhuarachemamani.com\/it\/wp-json\/wp\/v2\/comments?post=42"}],"version-history":[{"count":10,"href":"https:\/\/www.hernanhuarachemamani.com\/it\/wp-json\/wp\/v2\/pages\/42\/revisions"}],"predecessor-version":[{"id":538,"href":"https:\/\/www.hernanhuarachemamani.com\/it\/wp-json\/wp\/v2\/pages\/42\/revisions\/538"}],"wp:attachment":[{"href":"https:\/\/www.hernanhuarachemamani.com\/it\/wp-json\/wp\/v2\/media?parent=42"}],"curies":[{"name":"wp","href":"https:\/\/api.w.org\/{rel}","templated":true}]}}